{"id":243,"date":"2013-06-27T12:39:00","date_gmt":"2013-06-27T10:39:00","guid":{"rendered":"http:\/\/detensor.traffikmakers.de\/?page_id=243"},"modified":"2018-07-15T11:45:49","modified_gmt":"2018-07-15T09:45:49","slug":"einwirkungsbereiche-der-wirbelsaeule","status":"publish","type":"page","link":"https:\/\/detensor.de\/en\/die-detensor-methode\/einwirkungsbereiche-der-wirbelsaeule\/","title":{"rendered":"Einwirkungsbereiche der Wirbels\u00e4ule"},"content":{"rendered":"<p><img loading=\"lazy\" decoding=\"async\" class=\"size-full wp-image-765 alignleft\" src=\"https:\/\/detensor.de\/wp-content\/uploads\/2013\/06\/Wirbel_Animat.jpg\" alt=\"Wirbel_Animat\" width=\"274\" height=\"796\" srcset=\"https:\/\/detensor.de\/wp-content\/uploads\/2013\/06\/Wirbel_Animat.jpg 524w, https:\/\/detensor.de\/wp-content\/uploads\/2013\/06\/Wirbel_Animat-510x1481.jpg 510w, https:\/\/detensor.de\/wp-content\/uploads\/2013\/06\/Wirbel_Animat-73x211.jpg 73w, https:\/\/detensor.de\/wp-content\/uploads\/2013\/06\/Wirbel_Animat-103x300.jpg 103w\" sizes=\"auto, (max-width: 274px) 100vw, 274px\" \/>Organst\u00f6rungen sind vorprogrammiert, wenn verursacht durch Fehlstellung von Wirbelk\u00f6rpern, die seitlich links und rechts aus der Wirbels\u00e4ule austretenden Nerven negativ beeinflusst bzw. gest\u00f6rt werden. Die entsprechenden einzelnen Organe und\/oder Organgruppen werden mit Information versorgt bzw. gesteuert durch die Nervengruppen. Seitlich an der Wirbels\u00e4ule befinden sich \u00d6ffnungen (med. Foramen vertebralis). Aus diesen \u00d6ffnungen, jeweils links und rechts der Wirbelk\u00f6rper treten die organsteuernden Nerven aus. Bei Wirbelfehlstellungen k\u00f6nnen diese Nerven belastet, gequetscht oder gereizt werden.<\/p>\n<p>Dies beeintr\u00e4chtigt dann die Organfunktionen und kann in der Folge zu gro\u00dfen Schmerzen, Ischias, \u00dcberempfindlichkeiten und Organst\u00f6rungen f\u00fchren. Genauso kommt es oft bei andauernder einseitiger Belastung durch die m\u00f6gliche Nervenerm\u00fcdung zu Taubheitsgef\u00fchlen, Schmerzempfindlichkeit. Die beschriebenen Erfahrungen \u00fcber Beschwerden und Erkrankungen sind zusammengestellt aufgrund von Patientenuntersuchungen und Befragungen im Verlauf von ca. 20 Jahren.<\/p>\n<p>Die Untersuchungsergebnisse stammen aus verschiedenen L\u00e4ndern, von China \u00fcber Russland und Europa bis USA. Es sind nur Erfahrungswerte.<\/p>\n<p><strong>Zur genauen Diagnose muss ein Arzt aufgesucht werden.<\/strong><\/p>\n<p>Die Aufstellung ist keine Anleitung zur Selbstdiagnose.<\/p>\n","protected":false},"excerpt":{"rendered":"<p>Organst\u00f6rungen sind vorprogrammiert, wenn verursacht durch Fehlstellung von Wirbelk\u00f6rpern, die seitlich links und rechts aus der Wirbels\u00e4ule austretenden Nerven negativ beeinflusst bzw. gest\u00f6rt werden. Die entsprechenden einzelnen Organe und\/oder Organgruppen werden mit Information versorgt bzw. gesteuert durch die Nervengruppen. Seitlich an der Wirbels\u00e4ule befinden sich \u00d6ffnungen (med. Foramen vertebralis). Aus diesen \u00d6ffnungen, jeweils links und<\/p>\n<div class=\"entry-meta\"><a class=\"post-read-more\" href=\"https:\/\/detensor.de\/en\/die-detensor-methode\/einwirkungsbereiche-der-wirbelsaeule\/\">Continue Reading &raquo;<\/a><\/div>\n","protected":false},"author":23,"featured_media":0,"parent":241,"menu_order":0,"comment_status":"open","ping_status":"closed","template":"template-page-methode-sidebar.php","meta":{"footnotes":""},"class_list":["post-243","page","type-page","status-publish","hentry"],"_links":{"self":[{"href":"https:\/\/detensor.de\/en\/wp-json\/wp\/v2\/pages\/243","targetHints":{"allow":["GET"]}}],"collection":[{"href":"https:\/\/detensor.de\/en\/wp-json\/wp\/v2\/pages"}],"about":[{"href":"https:\/\/detensor.de\/en\/wp-json\/wp\/v2\/types\/page"}],"author":[{"embeddable":true,"href":"https:\/\/detensor.de\/en\/wp-json\/wp\/v2\/users\/23"}],"replies":[{"embeddable":true,"href":"https:\/\/detensor.de\/en\/wp-json\/wp\/v2\/comments?post=243"}],"version-history":[{"count":0,"href":"https:\/\/detensor.de\/en\/wp-json\/wp\/v2\/pages\/243\/revisions"}],"up":[{"embeddable":true,"href":"https:\/\/detensor.de\/en\/wp-json\/wp\/v2\/pages\/241"}],"wp:attachment":[{"href":"https:\/\/detensor.de\/en\/wp-json\/wp\/v2\/media?parent=243"}],"curies":[{"name":"wp","href":"https:\/\/api.w.org\/{rel}","templated":true}]}}