{"id":2257,"date":"2018-12-13T16:41:13","date_gmt":"2018-12-13T15:41:13","guid":{"rendered":"http:\/\/detensor.traffikmakers.de\/?page_id=2257"},"modified":"2019-03-07T12:43:22","modified_gmt":"2019-03-07T11:43:22","slug":"faq","status":"publish","type":"page","link":"https:\/\/detensor.de\/en\/faq\/","title":{"rendered":"FAQ"},"content":{"rendered":"<p><span style=\"color: #ff6600\"><strong>Schwangerschaft und die Detensor\u00ae-Produkte<\/strong><\/span><\/p>\n<p>Oft werden wir gefragt ob man w\u00e4hrend der Schwangerschaft noch auf der Detensor\u00ae Liegeorthese\u00ae 18 % liegen darf.<\/p>\n<p>Generell ist ein Liegen auf der Liegeorthese\u00ae 18 % in der Schwangerschaft sogar vorteilhaft f\u00fcr das Kind. \u2013 Das Kind profitiert beispielsweise davon, dass Lymphe und das komplette Organsystem gut arbeiten. Das Lungenvolumen und die Mirkrozirkulation werden verbessert, was auch eine bessere Sauerstoffversorgung f\u00fcr das Kind bedeutet.<\/p>\n<p>Es ist m\u00f6glich, je nachdem wo das Kind liegt, dass durch dessen Position die Mutter nicht flach liegen kann. Hier ist es m\u00f6glicherweise angenehmer, wenn der Kopf und Halswirbelbereich etwas erh\u00f6ht liegt. (Durch Einlegen eines Keiles, eines Kissens, eines Handtuchs oder eines Ordners unter das R\u00fcckenteil der Liegeorthese\u00ae.)<\/p>\n<p><span style=\"color: #ff6600\"><strong>Osteoporose und die Detensor\u00ae-Produkte<\/strong><\/span><\/p>\n<p>Bei <strong>Osteoporose \u201eNormalbefund\u201c<\/strong> ist der Einsatz folgender Detensor\u00ae Produkte m\u00f6glich:<br \/>\nLiegeorthese\u00ae 18%, Liegeorthese\u00ae 5%, Matratzenauflage Fibrotop, Funktioneller Cervikalsupport, Sitzorthese vertikal, Sitzorthese horizontal.<\/p>\n<p>Bei <strong>Osteoporose \u201eGrad 0\u201c<\/strong> ist der Einsatz folgender Detensor\u00ae Produkte m\u00f6glich:<br \/>\nLiegeorthese\u00ae 18%, Liegeorthese\u00ae 5%, Matratzenauflage Fibrotop, Funktioneller Cervikalsupport, Sitzorthese vertikal, Sitzorthese horizontal.<\/p>\n<p>Bei <strong>Osteoporose \u201eGrad 1\u201c<\/strong> ist der Einsatz folgender Detensor\u00ae Produkte m\u00f6glich:<br \/>\nLiegeorthese\u00ae 5%, Matratzenauflage Fibrotop, Funktioneller Cervikalsupport, Sitzorthese vertikal, Sitzorthese horizontal.<\/p>\n<p>Bei <strong>Osteoporose \u201eGrad 2\u201c<\/strong> ist der Einsatz folgender Detensor\u00ae Produkte m\u00f6glich:<br \/>\nMatratzenauflage Fibrotop, Funktioneller Cervikalsupport, Sitzorthese vertikal, Sitzorthese horizontal.<\/p>\n<p>Bei <strong>Osteoporose \u201eGrad 3\u201c<\/strong> ist der Einsatz folgender Detensor\u00ae Produkte m\u00f6glich:<br \/>\nMatratzenauflage Fibrotop, Funktioneller Cervikalsupport, Sitzorthese vertikal, Sitzorthese horizontal.<\/p>\n<p><img loading=\"lazy\" decoding=\"async\" class=\"size-full wp-image-2260 aligncenter\" src=\"https:\/\/detensor.de\/wp-content\/uploads\/2018\/12\/FAQ-T-Wert-Frakturen-Klassifikation-WHO.png\" alt=\"FAQ-T-Wert-Frakturen-Klassifikation-WHO\" width=\"669\" height=\"154\" srcset=\"https:\/\/detensor.de\/wp-content\/uploads\/2018\/12\/FAQ-T-Wert-Frakturen-Klassifikation-WHO.png 669w, https:\/\/detensor.de\/wp-content\/uploads\/2018\/12\/FAQ-T-Wert-Frakturen-Klassifikation-WHO-510x117.png 510w, https:\/\/detensor.de\/wp-content\/uploads\/2018\/12\/FAQ-T-Wert-Frakturen-Klassifikation-WHO-590x136.png 590w, https:\/\/detensor.de\/wp-content\/uploads\/2018\/12\/FAQ-T-Wert-Frakturen-Klassifikation-WHO-500x115.png 500w\" sizes=\"auto, (max-width: 669px) 100vw, 669px\" \/><\/p>\n<p><span style=\"color: #ff6600\"><strong>Skoliose und die Detensor\u00ae-Produkte<\/strong><\/span><\/p>\n<p>Seit 1978 haben wir durchweg positive Erfahrungen mit unterschiedlichen Skoliose-Varianten in der Anwendung der Liegeorthese\u00ae 18% sammeln k\u00f6nnen.<br \/>\nDurch den Beckenschiefstand der praktisch bei fast jedem Menschen vorhanden ist, gibt es eine leichte seitliche Wirbels\u00e4ulenverschiebung (<strong>Thorakale Skoliose<\/strong>) im Bereich von Th 6 bis Th 12 .<\/p>\n<p>Mit konsequenter t\u00e4glicher Anwendung der Liegeorthese\u00ae 18% und auch der Ver\u00e4nderung des eigenen Bewegungsstereotypen (\u00fcberwiegendes stehen auf einem Bein\u00a0 &#8211; siehe Beckenschiefstand) in der Form, dass Sie immer nur auf zwei Beinen stehen, lassen sich in wenigen Wochen schon Normalisierungen feststellen. Nach ca 8 Wochen t\u00e4glichem Liegen auf der Liegeorthese\u00ae 18% und gleichzeitiger Beschwerdefreiheit f\u00fchren wir bei uns (MKV-Detensor, R\u00fcckersdorfer Str. 28, 90552 R\u00f6thenbach) gerne einen Beinl\u00e4ngenausgleich durch. Vereinbaren Sie hierf\u00fcr bitte einen Termin. Sie liegen bei uns ca. 45-60 Minuten und vor dem Aufstehen wird der Ausgleich durchgef\u00fchrt.<\/p>\n<p>Auch bei F\u00e4llen von <strong>hochthorakaler Skoliose<\/strong> im Bereich Th2 bis Th6 und bei der <strong>Lumbalen Skoliose<\/strong> im Bereich von L1 bis L4 hat sich der Einsatz der Liegeorthese\u00ae 18% nach einigen Wochen bew\u00e4hrt.<\/p>\n<p>Bei der <strong>Progredienten Skoliose<\/strong> (seitlich und gedreht), die bereits im Kindesalter ihren Ursprung hat und in der Pubert\u00e4t \u201eaufbl\u00fcht\u201c, haben wir auch positive Erfahrungen sammeln k\u00f6nnen.<br \/>\nVon Kindern und Jugendlichen wird nach dem ersten Liegen auf der Liegeorthese\u00ae 18% (ohne Korsett) bereits schon eine Verbesserung wahrgenommen.<br \/>\nEinige F\u00e4lle von Frauen im Alter von 45 bis 65 Jahren mit progredienter Skoliose von 38\u00b0 bis 60\u00b0 haben von Verbesserungen berichtet, bzw. liegen hier auch R\u00f6ntgenbilder [vorher\/nachher] vor.<br \/>\nBei t\u00e4glicher Anwendung der Liegeorthese\u00ae 18%, muss man mit mindestens ca 3-6 Monaten rechnen f\u00fcr sicht- und auch sp\u00fcrbare Ver\u00e4nderungen.<br \/>\nWir stehen w\u00e4hrend dieser Zeit immer gerne f\u00fcr ein Gespr\u00e4ch zur Verf\u00fcgung, um evtl. Liegezeiten zu \u00e4ndern etc. Rufen Sie uns einfach an\u00a0 0911\/25588992<\/p>\n<p>Mit der kombinierten Anwendung von 1x t\u00e4glichem Liegen auf der Liegeorthese\u00ae 18% und der n\u00e4chtlichen Lagerung auf der Liegeorthese\u00ae 5%\u00a0 (ohne Korsett) ist der Zeitraum f\u00fcr sicht- und sp\u00fcrbare Ver\u00e4nderungen um einiges k\u00fcrzer.<\/p>\n<p><span style=\"color: #ff6600\"><strong>ADHS und die Detensor\u00ae-Produkte<\/strong><\/span><\/p>\n<p>Bei Kindern und Jugendlichen haben die Eltern berichtet, dass bereits nach einem Zeitraum von 4 Wochen (1 x t\u00e4glich; individuell ca. 30 bis 45 Minuten) Liegen auf der Liegeorthese\u00ae 18% eine Ritalindosierung nicht mehr notwendig war. Alle haben sich normalisiert und konnten sich besser konzentrieren. Das Sozialverhalten hat sich gebessert.<\/p>\n<p>Bei Erwachsenen ist ebenfalls nach einigen Wochen mit der Liegeorthese\u00ae 18% eine sp\u00fcrbare Verbesserung festzustellen. Speziell wurde berichtet, dass der Schlaf\u00a0 tiefer bzw. entspannter war und sie sich morgens ausgeruhter f\u00fchlten. Ebenfalls wurde \u00fcber eine verbesserte Konzentrationsf\u00e4higkeit berichtet.<\/p>\n<p>Anmerkung: Einige haben nach ca 3 Monaten mit dem Liegen pausiert und stellten fest, dass sich nach etwa 4 Wochen ohne Liegeorthese\u00ae 18% der Zustand wieder verschlechterte.<\/p>\n<p>Meist haben sich die Eltern der Kinder als auch die betroffenen Erwachsenen daf\u00fcr entschieden eine Liegeorthese\u00ae 5% oder eine Matratzenauflage Fibrotop f\u00fcr das Bett anzuschaffen. Dann stabilisierte sich der Zustand dauerhaft.<\/p>\n<p><span style=\"color: #ff6600\"><strong>Beckenschiefstand \/ Beckenverdrehung (seitlich) und die Detensor\u00ae-Produkte<\/strong><strong>\u00a0<\/strong><\/span><\/p>\n<p>Mit einem minimalen Beckenschiefstand werden wir geboren. Durch das Stehen auf \u00fcberwiegend einem Bein pr\u00e4gt sich dieser langsam von ca 2 mm auf 1-2cm (abends) aus.<br \/>\nDer Beckenschiefstand wird auch gerne als \u201ezu kurzes Bein\u201c bezeichnet bzw. diagnostiziert.<br \/>\nDer Kopf eines Erwachsenen wiegt ca. 5-8 kg. Sobald wir das Laufen beginnen, registriert unser Gleichgewichtssinn kleinste Ver\u00e4nderungen der Kopfposition durch den Beckenschiefstand. Mit Hilfe von Muskeleinsatz soll unsere Kopfposition dann normalisiert werden, denn der Kopf sollte immer mittig sitzen, sodass wir gerade herumlaufen k\u00f6nnen.<br \/>\nDies hat zur Folge, dass unsere Muskulatur unseres K\u00f6rpers immer mehr in einen asymmetrischen Zustand kommt. Gleichzeitig f\u00f6rdern wir diesen Zustand durch unser \u201eeinseitiges\u201c Stehen.<br \/>\nUnsere Muskulatur wiederum addiert jegliche neue Muskelausgleichsarbeit auf ein bestehendes Programm auf \u2013 sodass wir morgens nach dem aufstehen ziemlich gerade vor dem Spiegel stehen \u2013 w\u00e4hrend wir abends schon ziemlich &#8220;krumm&#8221; wirken.<br \/>\nDie therapeutischen Ma\u00dfnahmen halten oft nicht lange an, denn unser Muskelprogramm arbeitet die Arbeitsschritte einfach ab.<br \/>\nAuf der Liegeorthese 18% ist der Beckenschiefstand aufgrund der Tiefenentspannung der Muskulatur bereits nach einigen Malen Liegen quasi ausgeglichen.<br \/>\nLeider wird eine Normalisierung nicht lange anhalten, denn dazu muss sich auch das Stehverhalten normalisieren. Erst wenn wir dauerhaft auf zwei Beinen stehen,\u00a0 ist der Beckenschiefstand langfristig behoben.<\/p>\n<p>Die Beckenverdrehung (Beckenrotation) resultiert letztendlich aus dem Umstand, dass wir aus Schmerz-Schonhaltung unser \u201enormales\u201c Stehbein nicht mehr nutzen und auf dem anderen Bein zu stehen beginnen.\u00a0 Unser Gleichgewichtssinn ist damit nicht ganz einverstanden und letztendlich wird das Becken seitlich durch die Muskulatur verdreht.<\/p>\n<p>(Beispiel: \u00a0Beckenschiefstand rechts \u2013 bedeutet das rechte Bein ist optisch k\u00fcrzer, die Schulter rechts ist niedriger und der Kopf neigt sich gegen Abend leicht nach rechts. Das Stehbein w\u00e4re rechts. Sollte ich einen Schmerz am rechten Bein\/Fu\u00df haben, stelle ich mich auf das linke. Aus diesem Grunde wird dann von der Muskulatur der linke Beckenkamm nach vorne geschoben.\u00a0 Das linke Bein w\u00fcrde jetzt bei Vermessung K\u00dcRZER erscheinen.)<\/p>\n<p>Eine Beckenrotation kann folgendes verursachen: Blasenkontrollschw\u00e4che, Prostataprobleme, Ischiasschmerzen, Iliosakralgelenk verrutscht, LW 4\/5 verrutscht \u00f6fters, HWS Probleme<\/p>\n<p>Bereits nach ca. 15 Minuten Liegen auf der Liegeorthese 18% ist die Beckenrotation normalisiert \u2013 hier gilt ebenso \u2013 diese Normalisierung kann nur beibehalten werden, wenn wir mit zwei Beinen auf der Erde stehen. (durch einseitiges Stehen wird diese immer wieder aktiviert, und die Probleme k\u00f6nnen nicht beseitigt werden).<\/p>\n<p>Anmerkung:<br \/>\nImmer wieder stellen wir fest, dass eine Absatzerh\u00f6hung oder Erh\u00f6hungseinlage \u201everordnet\u201c wird. Es ist unbedingt darauf zu achten, dass KEINE Beckenrotation vorliegt, denn wenn dies der Fall ist, bekommen sie eine Absatzerh\u00f6hung auf dem \u201eoptisch l\u00e4ngeren\u201c Bein \u2013 was in relativ kurzer Zeit zu massiven Problemen f\u00fchren kann.<\/p>\n","protected":false},"excerpt":{"rendered":"<p>Schwangerschaft und die Detensor\u00ae-Produkte Oft werden wir gefragt ob man w\u00e4hrend der Schwangerschaft noch auf der Detensor\u00ae Liegeorthese\u00ae 18 % liegen darf. Generell ist ein Liegen auf der Liegeorthese\u00ae 18 % in der Schwangerschaft sogar vorteilhaft f\u00fcr das Kind. \u2013 Das Kind profitiert beispielsweise davon, dass Lymphe und das komplette Organsystem gut arbeiten. Das Lungenvolumen<\/p>\n<div class=\"entry-meta\"><a class=\"post-read-more\" href=\"https:\/\/detensor.de\/en\/faq\/\">Continue Reading &raquo;<\/a><\/div>\n","protected":false},"author":272,"featured_media":0,"parent":0,"menu_order":0,"comment_status":"closed","ping_status":"closed","template":"","meta":{"footnotes":""},"class_list":["post-2257","page","type-page","status-publish","hentry"],"_links":{"self":[{"href":"https:\/\/detensor.de\/en\/wp-json\/wp\/v2\/pages\/2257","targetHints":{"allow":["GET"]}}],"collection":[{"href":"https:\/\/detensor.de\/en\/wp-json\/wp\/v2\/pages"}],"about":[{"href":"https:\/\/detensor.de\/en\/wp-json\/wp\/v2\/types\/page"}],"author":[{"embeddable":true,"href":"https:\/\/detensor.de\/en\/wp-json\/wp\/v2\/users\/272"}],"replies":[{"embeddable":true,"href":"https:\/\/detensor.de\/en\/wp-json\/wp\/v2\/comments?post=2257"}],"version-history":[{"count":0,"href":"https:\/\/detensor.de\/en\/wp-json\/wp\/v2\/pages\/2257\/revisions"}],"wp:attachment":[{"href":"https:\/\/detensor.de\/en\/wp-json\/wp\/v2\/media?parent=2257"}],"curies":[{"name":"wp","href":"https:\/\/api.w.org\/{rel}","templated":true}]}}