{"id":1301,"date":"2013-12-08T15:13:09","date_gmt":"2013-12-08T14:13:09","guid":{"rendered":"http:\/\/detensor.traffikmakers.de\/datensch\/"},"modified":"2018-12-13T11:54:01","modified_gmt":"2018-12-13T10:54:01","slug":"privacy-policy","status":"publish","type":"page","link":"https:\/\/detensor.de\/en\/privacy-policy\/","title":{"rendered":"Privacy policy"},"content":{"rendered":"<p><em>Datenschutzerkl\u00e4rung<\/em><\/p>\n<p>Diese Datenschutzerkl\u00e4rung kl\u00e4rt \u00fcber die Art, den Umfang und Zwecke der Erhebung und Verwendung von Daten der Besucher und Nutzer\u00a0(nachfolgend zusammenfassend bezeichnet als \u201eNutzer\u201c) durch \u00a0Fa. MKV-Detensor Inhaber Manuela Kienlein e. K R\u00fcckersdorfer Stra\u00dfe 28 90552 R\u00f6thenbach (nachfolgend \u201eAnbieter\u201c) als datenschutzrechtlich verantwortliche Stelle auf.<\/p>\n<p>Bei Fragen zum Datenschutz erreichen Sie uns\u00a0 unter der Telefonnummer\u00a0+49 911 255 88 992 sowie per E-Mail unter <a href=\"mailto:kienlein@detensor.de\">kienlein@detensor.de<\/a>.<br \/>\n<span class=\"s1\">Erreichbarkeit: Mo, Di, Do 09:00 Uhr bis 17:00 Uhr; Mi, Fr: 09:00 Uhr bis 14:00 Uhr<\/span><\/p>\n<p><em>Erhebung von Zugriffsdaten<\/em><\/p>\n<p>Der Anbieter erhebt Daten \u00fcber jeden Zugriff auf das Onlineangebot (so genannte Serverlogfiles). Zu den Zugriffsdaten geh\u00f6ren Name der abgerufenen Webseite, Datei, Datum und Uhrzeit des Abrufs, \u00fcbertragene Datenmenge, Meldung \u00fcber erfolgreichen Abruf, Browsertyp nebst Version, das Betriebssystem des Nutzers, Referrer URL (die zuvor besuchte Seite), IP-Adresse und der anfragende Provider. Der Anbieter verwendet die Protokolldaten ohne Zuordnung zur Person des Nutzers oder sonstiger Profilerstellung entsprechend den gesetzlichen Bestimmungen nur f\u00fcr statistische Auswertungen zum Zweck des Betriebs, der Sicherheit und der Optimierung des Onlineangebotes. Der Anbieter beh\u00e4lt sich jedoch vor, die Protokolldaten nachtr\u00e4glich zu \u00fcberpr\u00fcfen, wenn aufgrund konkreter Anhaltspunkte der berechtigte Verdacht einer rechtswidrigen Nutzung besteht.<\/p>\n<p><em>Erhebung und Nutzung personenbezogener Daten<\/em><\/p>\n<p>Personenbezogene Daten werden vom Anbieter nur dann erhoben und genutzt, wenn dies gesetzlich erlaubt ist oder die Nutzer\u00a0in die Datenerhebung einwilligen. In der Regel ist es f\u00fcr die Nutzer\u00a0bei der Nutzung des Dienstes erkennbar welche Daten gespeichert werden, so zum Beispiel Name, E-Mailadresse und Nachricht bei der Nutzung des Bestellformulars. Die zum Zwecke der Bestellung von Waren angegebenen pers\u00f6nlichen Daten (wie zum Beispiel Name, E-Mail-Adresse, Anschrift, Zahlungsdaten) werden vom Verk\u00e4ufer zur Erf\u00fcllung und Abwicklung des Vertrags verwendet. Diese Daten werden vertraulich behandelt, teilweise verschl\u00fcsselt \u00fcbertragen und nicht an Dritte weitergegeben, die nicht am Bestell-, Auslieferungs- und Zahlungsvorgang beteiligt sind. Bei der Kontaktaufnahme mit dem Anbieter (per Kontaktformular oder Email) werden die Angaben des Nutzers\u00a0zwecks Bearbeitung der Anfrage sowie f\u00fcr den Fall, dass Anschlussfragen entstehen, gespeichert. Der Anbieter hat organisatorische, vertragliche und technische Sicherheitsma\u00dfnahmen getroffen, um sicher zu stellen, dass die Vorschriften der Datenschutzgesetze eingehalten werden und zuf\u00e4llige oder vors\u00e4tzliche Manipulationen, Verlust, Zerst\u00f6rung oder der Zugriff unberechtigter Personen verhindert wird. Der Anbieter nutzt einen Webservice von Piconda.com. Piconda ist ein Dienstleister welcher Onlineshops und Webseiten anbietet und diese technisch wartet. Im Zug von Wartungsarbeiten kann Piconda vor\u00fcbergehend Einsicht in gespeicherte Daten nehmen.<\/p>\n<p><em>Datenweiterleitung an Dritte<\/em><\/p>\n<p>Die Daten der Nutzer\u00a0werden nur dann an Dritte weiter geleitet, wenn dies gesetzlich erlaubt ist oder ein Nutzer\u00a0in die Weiterleitung eingewilligt hat. Das ist zum Beispiel der Fall wenn die Weiterleitung der Daten der Erf\u00fcllung vertraglicher Verpflichtungen gegen\u00fcber dem Nutzer\u00a0dient und die Postadresse nach einer Shopbestellung an ein Speditionsunternehmen \u00fcbergeben wird. Oder falls die Daten von zust\u00e4ndigen Stellen wie Strafverfolgungsbeh\u00f6rden angefordert werden. Die personenbezogenen Daten der Nutzer\u00a0werden keineswegs an Dritte zu Werbezwecken oder zwecks Erstellung von Nutzerprofilen verkauft oder weitergeleitet.<\/p>\n<p><em>Cookies<\/em><\/p>\n<p>Der Anbieter setzt im Rahmen seines Onlineangebotes \u201eCookies\u201c ein. Cookies sind kleine Dateien, die auf dem Computer der Nutzer\u00a0abgelegt werden und Informationen f\u00fcr Anbieter speichern k\u00f6nnen. Tempor\u00e4re Cookies werden nach dem Schlie\u00dfen des Browsers gel\u00f6scht, permanente Cookies bleiben f\u00fcr einen vorgegebenen Zeitraum erhalten und k\u00f6nnen beim erneuten Aufruf des Onlineangebotes die gespeicherten Informationen zur Verf\u00fcgung stellen. Cookies werden zum einen eingesetzt um die Nutzung des Dienstes zu erleichtern. So speichert ein Cookie den Warenkorbstatus eines Nutzers.<br \/>\nDer Nutzer\u00a0kann auf den Einsatz der Cookies Einfluss nehmen. Die meisten Browser verf\u00fcgen eine Option mit der das Speichern von Cookies eingeschr\u00e4nkt oder komplett verhindert wird. Anbieter bem\u00fcht sich das Onlineangebot so zu gestalten, dass der Einsatz von Cookies nicht notwendig ist. Allerdings wird darauf hingewiesen, dass die Nutzung und insbesondere der Nutzungskomfort ohne Cookies eingeschr\u00e4nkt werden.<\/p>\n<p><em>Piwik-Statistiken<\/em><\/p>\n<p>Der Anbieter benutzt Piwik, eine Open-Source-Software zur statistischen Auswertung der Nutzerzugriffe. Piwik verwendet Cookies, die auf dem Computer der Nutzer gespeichert werden und die eine Analyse der Benutzung der Website durch die Nutzer erm\u00f6glichen. Die durch den Cookie erzeugten Informationen \u00fcber die Benutzung dieses Angebotes werden auf dem Server des Anbieters in Deutschland gespeichert. Die IP-Adresse wird sofort nach der Verarbeitung und vor deren Speicherung anonymisiert. Nutzer k\u00f6nnen die Installation der Cookies durch eine entsprechende Einstellung Ihrer Browser-Software verhindern;<br \/>\n[IFRAME MIT OPT-OUT COOKIE EINSETZEN]<\/p>\n<p><em>Verwendung von Facebook Social Plugins<\/em><\/p>\n<p>Auf diesem Onlineangebot werden Social Plugins (&#8220;Plugins&#8221;) des sozialen Netzwerkes facebook.com verwendet, welches von der Facebook Inc., 1601 S. California Ave, Palo Alto, CA 94304, USA betrieben wird (&#8220;Facebook&#8221;). Die Plugins sind an einem der Facebook Logos erkennbar (wei\u00dfes \u201ef\u201c auf blauer Kachel oder ein \u201eDaumen hoch\u201c-Zeichen) oder sind mit dem Zusatz \u201cFacebook Social Plugin\u201d gekennzeichnet. Die Liste und das Aussehen der Facebook Social Plugins kann hier eingesehen werden: https:\/\/developers.facebook.com\/docs\/plugins\/. Wenn ein Nutzer eine Webseite dieses Onlineangebotes aufruft, die ein solches Plugin enth\u00e4lt, baut sein Browser eine direkte Verbindung mit den Servern von Facebook auf. Der Inhalt des Plugins wird von Facebook direkt an den Browser des Nutzers \u00fcbermittelt und von dem Browser in die Webseite eingebunden. Der Anbieter hat daher keinen Einfluss auf den Umfang der Daten, die Facebook mit Hilfe dieses Plugins erhebt und informiert die Nutzer daher entsprechend ihrem Kenntnisstand: Durch die Einbindung der Plugins erh\u00e4lt Facebook die Information, dass ein Nutzer die entsprechende Seite des Onlineangebots aufgerufen hat. Ist der Nutzer bei Facebook eingeloggt, kann Facebook den Besuch seinem Facebook-Konto zuordnen. Wenn ein Nutzer mit den Plugins interagieren, zum Beispiel den Like Button bet\u00e4tigen oder einen Kommentar abgeben, wird die entsprechende Information von Ihrem Browser direkt an Facebook \u00fcbermittelt und dort gespeichert. Falls ein Nutzer kein Mitglied von Facebook ist, besteht trotzdem die M\u00f6glichkeit, dass Facebook seine IP-Adresse in Erfahrung bringt und speichert. Laut Facebook wird in Deutschland nur eine anonymisierte IP-Adresse gespeichert.<br \/>\nZweck und Umfang der Datenerhebung und die weitere Verarbeitung und Nutzung der Daten durch Facebook sowie die diesbez\u00fcglichen Rechte und Einstellungsm\u00f6glichkeiten zum Schutz der Privatsph\u00e4re der Nutzer , k\u00f6nnen diese den Datenschutzhinweisen von Facebook entnehmen: https:\/\/www.facebook.com\/about\/privacy\/. Wenn ein Nutzer Facebookmitglied ist und nicht m\u00f6chte, dass Facebook \u00fcber dieses Onlineangebot Daten \u00fcber ihn sammelt und mit seinen bei Facebook gespeicherten Mitgliedsdaten verkn\u00fcpft, muss er sich vor dem Besuch des Internetauftritts bei Facebook ausloggen und entsprechende Facebook-Cookies l\u00f6schen. Ebenfalls ist es m\u00f6glich Facebook-Social-Plugins mit Add-ons f\u00fcr den Browser zu blocken, zum Beispiel mit dem &#8220;Facebook Blocker&#8221;.<\/p>\n<p><em>+1 Schaltfl\u00e4che von Google+<\/em><\/p>\n<p>Auf diesem Onlineangebot werden die Schaltfl\u00e4chen des sozialen Netzwerkes Google+ verwendet (z.B. &#8220;+1&#8221;-Schaltfl\u00e4che), welches von der Google Inc., 1600 Amphitheatre Parkway, Mountain View, CA 94043, United States betrieben wird (\u201cGoogle\u201d). Wenn ein Nutzer eine Webseite dieses Onlineangebotes aufruft, die eine solche Schaltfl\u00e4che enth\u00e4lt, baut der Browser eine direkte Verbindung mit den Servern von Google auf. Der Inhalt der Schaltfl\u00e4chen wird von Google direkt an seinen Browser \u00fcbermittelt und von diesem in die Webseite eingebunden. Der Anbieter hat daher keinen Einfluss auf den Umfang der Daten, die Google mit den Schaltfl\u00e4chen erhebt. Laut Google werden ohne einen Klick auf die Schaltfl\u00e4che keine personenbezogenen Daten erhoben. Nur bei eingeloggten Mitgliedern von Google+, werden solche Daten, unter anderem die IP-Adresse, erhoben und verarbeitet. Zweck und Umfang der Datenerhebung und die weitere Verarbeitung und Nutzung der Daten durch Google sowie die diesbez\u00fcglichen Rechte und Einstellungsm\u00f6glichkeiten der Nutzer zum Schutz Ihrer Privatsph\u00e4re k\u00f6nnen Googles Datenschutzhinweisen zu der \u201c+1\u2033-Schaltfl\u00e4che entnommen werden: http:\/\/www.google.com\/intl\/de\/+\/policy\/+1button.html und der FAQ: http:\/\/bit.ly\/r3Qmer. Wenn ein Nutzer Google+ Mitglied ist und nicht m\u00f6chte, dass Google \u00fcber diesen Internetauftritt Daten \u00fcber ihn sammelt und mit Ihren bei Google gespeicherten Mitgliedsdaten verkn\u00fcpft, muss der Nutzer sich vor seinem Besuch dieses Internetauftritts bei Google Plus ausloggen und die zu Google geh\u00f6renden Cookies innerhalb des Browsers l\u00f6schen.<\/p>\n<p><em>Nutzung der Twitter-Schaltfl\u00e4chen<\/em><\/p>\n<p>Auf diesem Onlineangebot werden die Schaltfl\u00e4chen des Dienstes Twitter eingesetzt. Diese Schaltfl\u00e4chen (z.B. &#8220;Twittern&#8221; oder &#8220;Folgen&#8221;) werden angeboten durch die Twitter Inc., 795 Folsom St., Suite 600, San Francisco, CA 94107, USA. Wenn ein Nutzer eine Webseite dieses Internetauftritts aufruft, die einen solchen Button enth\u00e4lt, baut sein Browser eine direkte Verbindung mit den Servern von Twitter auf. Der Inhalt des Twitter-Schaltfl\u00e4chen wird von Twitter direkt an den Browser des Nutzers \u00fcbermittelt. Der Anbieter hat daher keinen Einfluss auf den Umfang der Daten, die Twitter mit Hilfe dieses Plugins erhebt und informiert die Nutzer entsprechend seinem Kenntnisstand. Nach diesem wird lediglich die IP-Adresse des Nutzers die URL der jeweiligen Webseite beim Bezug der Schaltfl\u00e4che mit \u00fcbermittelt, aber nicht f\u00fcr andere Zwecke, als die Darstellung des Buttons, genutzt. Weitere Informationen hierzu finden sich in der Datenschutzerkl\u00e4rung von Twitter unter http:\/\/twitter.com\/privacy.<\/p>\n<p><em>Nutzung der Pinterest-Schaltfl\u00e4chen<\/em><\/p>\n<p>Auf diesem Angebot werden die Schaltfl\u00e4chen (&#8220;Pin It&#8221;) des Dienstes Pinterest, http:\/\/pinterest.com eingesetzt. Mit Hilfe der Schaltfl\u00e4chen ist es den Nutzern m\u00f6glich, die Artikel des Anbieters auf deren &#8220;Pinterest-Boards&#8221; zu teilen. Wenn ein Nutzer eine Webseite aufruft, die eine &#8220;Pin It&#8221;-Schaltfl\u00e4che enth\u00e4lt, baut sein Browser eine direkte Verbindung mit den Servern von Pinterest auf. Der Inhalt der &#8220;Pin It&#8221;-Schaltfl\u00e4che wird von Pinterest direkt an den Browser des Nutzers \u00fcbermittelt. Der Anbieter hat daher keinen Einfluss auf den Umfang der Daten, die Pinterest mit Hilfe der &#8220;Pin It&#8221;-Schaltfl\u00e4che erhebt und informiert die Nutzer entsprechend seinem Kenntnisstand. Nach diesem wird lediglich die IP-Adresse des Nutzers sowie die URL der jeweiligen Webseite \u00fcbermittelt, aber nur f\u00fcr die Zwecke der Darstellung der &#8220;Pin It&#8221;-Schaltfl\u00e4che und zum Teilen des Inhalts verwendet. Weitere Informationen hierzu finden sich in der Datenschutzerkl\u00e4rung von Pinterest unter http:\/\/pinterest.com\/about\/privacy\/.<\/p>\n<p><em>Widerruf, \u00c4nderungen, Berichtigungen und Aktualisierungen<\/em><\/p>\n<p>Der Nutzer\u00a0hat das Recht, auf Antrag unentgeltlich Auskunft zu erhalten \u00fcber die personenbezogenen Daten, die vom Anbieter \u00fcber ihn gespeichert wurden. Kontaktdaten finden sich im Impressum des Anbieters. Zus\u00e4tzlich hat der Nutzer\u00a0das Recht auf Berichtigung unrichtiger Daten, Sperrung und L\u00f6schung seiner personenbezogenen Daten, soweit keine gesetzliche Aufbewahrungspflicht entgegensteht.<\/p>\n<p>\u00c4nderungen der Datenschutzerkl\u00e4rung<br \/>\nDer Anbieter beh\u00e4lt sich vor, die Datenschutzerkl\u00e4rung zu \u00e4ndern, um sie an ge\u00e4nderte Rechtslage oder bei \u00c4nderungen des Dienstes sowie der Datenverarbeitung anzupassen.<\/p>\n","protected":false},"excerpt":{"rendered":"<p>Datenschutzerkl\u00e4rung Diese Datenschutzerkl\u00e4rung kl\u00e4rt \u00fcber die Art, den Umfang und Zwecke der Erhebung und Verwendung von Daten der Besucher und Nutzer\u00a0(nachfolgend zusammenfassend bezeichnet als \u201eNutzer\u201c) durch \u00a0Fa. MKV-Detensor Inhaber Manuela Kienlein e. K R\u00fcckersdorfer Stra\u00dfe 28 90552 R\u00f6thenbach (nachfolgend \u201eAnbieter\u201c) als datenschutzrechtlich verantwortliche Stelle auf. Bei Fragen zum Datenschutz erreichen Sie uns\u00a0 unter der Telefonnummer\u00a0+49<\/p>\n<div class=\"entry-meta\"><a class=\"post-read-more\" href=\"https:\/\/detensor.de\/en\/privacy-policy\/\">Continue Reading &raquo;<\/a><\/div>\n","protected":false},"author":23,"featured_media":0,"parent":0,"menu_order":0,"comment_status":"closed","ping_status":"closed","template":"template-page-rechtliches-sidebar.php","meta":{"footnotes":""},"class_list":["post-1301","page","type-page","status-publish","hentry"],"_links":{"self":[{"href":"https:\/\/detensor.de\/en\/wp-json\/wp\/v2\/pages\/1301","targetHints":{"allow":["GET"]}}],"collection":[{"href":"https:\/\/detensor.de\/en\/wp-json\/wp\/v2\/pages"}],"about":[{"href":"https:\/\/detensor.de\/en\/wp-json\/wp\/v2\/types\/page"}],"author":[{"embeddable":true,"href":"https:\/\/detensor.de\/en\/wp-json\/wp\/v2\/users\/23"}],"replies":[{"embeddable":true,"href":"https:\/\/detensor.de\/en\/wp-json\/wp\/v2\/comments?post=1301"}],"version-history":[{"count":0,"href":"https:\/\/detensor.de\/en\/wp-json\/wp\/v2\/pages\/1301\/revisions"}],"wp:attachment":[{"href":"https:\/\/detensor.de\/en\/wp-json\/wp\/v2\/media?parent=1301"}],"curies":[{"name":"wp","href":"https:\/\/api.w.org\/{rel}","templated":true}]}}