{"id":1299,"date":"2013-12-08T15:13:09","date_gmt":"2013-12-08T14:13:09","guid":{"rendered":"http:\/\/detensor.traffikmakers.de\/wider\/"},"modified":"2018-12-13T12:05:07","modified_gmt":"2018-12-13T11:05:07","slug":"revocation","status":"publish","type":"page","link":"https:\/\/detensor.de\/en\/revocation\/","title":{"rendered":"Revocation"},"content":{"rendered":"<p><em>&#8211; Beginn der Widerrufsbelehrung f\u00fcr Verbraucher &#8211;\u00a0<\/em><\/p>\n<p><em>Widerrufsrecht<\/em><\/p>\n<p>Sie k\u00f6nnen Ihre Vertragserkl\u00e4rung innerhalb von 14 Tagen ohne Angabe von Gr\u00fcnden in Textform (z.B. Brief, Fax, E-Mail) oder &#8211; wenn Ihnen die Sache vor Fristablauf \u00fcberlassen wird &#8211; auch durch R\u00fccksendung der Sache widerrufen. Die Frist beginnt nach Erhalt dieser Belehrung in Textform, jedoch nicht vor Eingang der Ware beim Empf\u00e4nger (bei der wiederkehrenden Lieferung gleichartiger Waren nicht vor Eingang der ersten Teillieferung) und auch nicht vor Erf\u00fcllung unserer Informationspflichten gem\u00e4\u00df Artikel 246 \u00a7 2 in Verbindung mit \u00a7 1 Absatz 1 und 2 EGBGB sowie unserer Pflichten gem\u00e4\u00df \u00a7 312g Absatz 1 Satz 1 BGB in Verbindung mit Artikel 246 \u00a7 3 EGBGB. Zur Wahrung der Widerrufsfrist gen\u00fcgt die rechtzeitige Absendung des Widerrufs oder der Sache. Der Widerruf ist zu richten an:<\/p>\n<p>Fa. MKV-Detensor<br \/>\nInhaber Manuela Kienlein e. K<br \/>\nR\u00fcckersdorfer Stra\u00dfe 28<br \/>\n90552 R\u00f6thenbach<\/p>\n<p><em>Widerrufsfolgen<\/em><\/p>\n<p>Im Falle eines wirksamen Widerrufs sind die beiderseits empfangenen Leistungen zur\u00fcckzugew\u00e4hren und ggf. gezogene Nutzungen (z.B. Zinsen) herauszugeben. K\u00f6nnen Sie uns die empfangene Leistung sowie Nutzungen (z.B. Gebrauchsvorteile) nicht oder teilweise nicht oder nur in verschlechtertem Zustand zur\u00fcckgew\u00e4hren beziehungsweise herausgeben, m\u00fcssen Sie uns insoweit Wertersatz leisten. F\u00fcr die Verschlechterung der Sache und f\u00fcr gezogene Nutzungen m\u00fcssen Sie Wertersatz nur leisten, soweit die Nutzungen oder die Verschlechterung auf einen Umgang mit der Sache zur\u00fcckzuf\u00fchren ist, der \u00fcber die Pr\u00fcfung der Eigenschaften und der Funktionsweise hinausgeht. Unter &#8220;Pr\u00fcfung der Eigenschaften und der Funktionsweise&#8221; versteht man das Testen und Ausprobieren der jeweiligen Ware, wie es etwa im Ladengesch\u00e4ft m\u00f6glich und \u00fcblich ist. Die R\u00fccksendekosten sind von Ihnen (K\u00e4ufer) zu tragen. Verpflichtungen zur Erstattung von Zahlungen m\u00fcssen innerhalb von 30 Tagen erf\u00fcllt werden. Die Frist beginnt f\u00fcr Sie mit der Absendung Ihrer Widerrufserkl\u00e4rung oder der Sache, f\u00fcr uns mit deren Empfang.<\/p>\n<p><em>&#8211; Ende der Widerrufsbelehrung f\u00fcr Verbraucher &#8211;<\/em><\/p>\n<p><em>Hinweise zum Ausschluss des Widerrufsrechts<\/em><\/p>\n<p>Das Widerrufsrecht besteht nicht bei folgenden Vertr\u00e4gen:<\/p>\n<ul>\n<li>Vertr\u00e4ge zur Lieferung von Waren, die nicht vorgefertigt sind und f\u00fcr deren Herstellung eine individuelle Auswahl oder Bestimmung durch den Verbraucher ma\u00dfgeblich ist oder die eindeutig auf die pers\u00f6nlichen Bed\u00fcrfnisse des Verbrauchers zugeschnitten sind<\/li>\n<li>Vertr\u00e4ge zur Lieferung versiegelter Waren, die aus Gr\u00fcnden des Gesundheitsschutzes oder der Hygiene nicht zur R\u00fcckgabe geeignet sind, wenn ihre Versiegelung nach der Lieferung entfernt wurde.<\/li>\n<\/ul>\n<p><em>Hinweise zu R\u00fccksendungen<\/em><\/p>\n<p>Die in diesem Abschnitt (&#8220;Hinweise zu R\u00fccksendungen&#8221;) genannten Modalit\u00e4ten sind nicht Voraussetzung f\u00fcr die wirksame Aus\u00fcbung des obigen Widerrufsrechts.<\/p>\n<p>Kunden werden vor R\u00fccksendung gebeten die R\u00fccksendung beim Verk\u00e4ufer zu melden<a title=\"Kontakt\" href=\"https:\/\/detensor.de\/kontakt_contact\/\"> (zur Kontaktseite)<\/a>, um die R\u00fccksendung anzuk\u00fcndigen. Auf diese Weise erm\u00f6glichen sie dem Verk\u00e4ufer eine schnellstm\u00f6gliche Zuordnung der Produkte. Kunden werden gebeten die Ware als frankiertes Paket an den Verk\u00e4ufer zur\u00fcck zu senden und den Einlieferbeleg aufzubewahren. Die R\u00fccksendekosten sind vom K\u00e4ufer selbst zu tragen. Kunden werden gebeten\u00a0Besch\u00e4digungen oder Verunreinigungen der Ware zu vermeiden. Die Ware sollte nach M\u00f6glichkeit in Originalverpackung mit s\u00e4mtlichem Zubeh\u00f6r an den Verk\u00e4ufer zur\u00fcck gesendet werden. Ist die Originalverpackung nicht mehr im Besitz des Verk\u00e4ufers, sollte eine andere geeigneten Verpackung verwendet werden, um f\u00fcr einen ausreichenden Schutz vor Transportsch\u00e4den zu sorgen und etwaige Schadensersatzanspr\u00fcche wegen Besch\u00e4digungen infolge mangelhafter Verpackung zu vermeiden.<\/p>\n","protected":false},"excerpt":{"rendered":"<p>&#8211; Beginn der Widerrufsbelehrung f\u00fcr Verbraucher &#8211;\u00a0 Widerrufsrecht Sie k\u00f6nnen Ihre Vertragserkl\u00e4rung innerhalb von 14 Tagen ohne Angabe von Gr\u00fcnden in Textform (z.B. Brief, Fax, E-Mail) oder &#8211; wenn Ihnen die Sache vor Fristablauf \u00fcberlassen wird &#8211; auch durch R\u00fccksendung der Sache widerrufen. Die Frist beginnt nach Erhalt dieser Belehrung in Textform, jedoch nicht vor<\/p>\n<div class=\"entry-meta\"><a class=\"post-read-more\" href=\"https:\/\/detensor.de\/en\/revocation\/\">Continue Reading &raquo;<\/a><\/div>\n","protected":false},"author":23,"featured_media":0,"parent":0,"menu_order":0,"comment_status":"closed","ping_status":"closed","template":"template-page-rechtliches-sidebar.php","meta":{"footnotes":""},"class_list":["post-1299","page","type-page","status-publish","hentry"],"_links":{"self":[{"href":"https:\/\/detensor.de\/en\/wp-json\/wp\/v2\/pages\/1299","targetHints":{"allow":["GET"]}}],"collection":[{"href":"https:\/\/detensor.de\/en\/wp-json\/wp\/v2\/pages"}],"about":[{"href":"https:\/\/detensor.de\/en\/wp-json\/wp\/v2\/types\/page"}],"author":[{"embeddable":true,"href":"https:\/\/detensor.de\/en\/wp-json\/wp\/v2\/users\/23"}],"replies":[{"embeddable":true,"href":"https:\/\/detensor.de\/en\/wp-json\/wp\/v2\/comments?post=1299"}],"version-history":[{"count":0,"href":"https:\/\/detensor.de\/en\/wp-json\/wp\/v2\/pages\/1299\/revisions"}],"wp:attachment":[{"href":"https:\/\/detensor.de\/en\/wp-json\/wp\/v2\/media?parent=1299"}],"curies":[{"name":"wp","href":"https:\/\/api.w.org\/{rel}","templated":true}]}}