{"id":1295,"date":"2013-08-16T19:05:21","date_gmt":"2013-08-16T17:05:21","guid":{"rendered":"http:\/\/detensor.traffikmakers.de\/home\/"},"modified":"2018-03-12T14:13:50","modified_gmt":"2018-03-12T13:13:50","slug":"home","status":"publish","type":"page","link":"https:\/\/detensor.de\/en\/","title":{"rendered":"Home"},"content":{"rendered":"<h1>Welcome at Detensor<\/h1>\n<p>Das Detensor\u00ae &#8211; Therapiesystem nach Kienlein\u00ae wurde 1978 entwickelt. Es ist weltweit in Krankenh\u00e4usern, Rehazentren, Sanatorien und privat im Einsatz. Das Detensor Therapiesystem setzt sich aus verschiedenen Liege- und Sitzorthesen sowie Zubeh\u00f6r zusammen. Charakteristisch f\u00fcr die Detensor\u00ae &#8211; Produkte sind die Rippen auf der Oberfl\u00e4che, die durch Umlenkung des K\u00f6rpergewichts eine Streckung der Wirbels\u00e4ule und damit eine Entlastung der Bandscheiben bewirken.<\/p>\n","protected":false},"excerpt":{"rendered":"<p>Welcome at Detensor Das Detensor\u00ae &#8211; Therapiesystem nach Kienlein\u00ae wurde 1978 entwickelt. Es ist weltweit in Krankenh\u00e4usern, Rehazentren, Sanatorien und privat im Einsatz. Das Detensor Therapiesystem setzt sich aus verschiedenen Liege- und Sitzorthesen sowie Zubeh\u00f6r zusammen. Charakteristisch f\u00fcr die Detensor\u00ae &#8211; Produkte sind die Rippen auf der Oberfl\u00e4che, die durch Umlenkung des K\u00f6rpergewichts eine Streckung<\/p>\n<div class=\"entry-meta\"><a class=\"post-read-more\" href=\"https:\/\/detensor.de\/en\/\">Continue Reading &raquo;<\/a><\/div>\n","protected":false},"author":23,"featured_media":0,"parent":0,"menu_order":0,"comment_status":"open","ping_status":"closed","template":"template-home-fullwidth-with-camera-slider.php","meta":{"footnotes":""},"class_list":["post-1295","page","type-page","status-publish","hentry"],"_links":{"self":[{"href":"https:\/\/detensor.de\/en\/wp-json\/wp\/v2\/pages\/1295","targetHints":{"allow":["GET"]}}],"collection":[{"href":"https:\/\/detensor.de\/en\/wp-json\/wp\/v2\/pages"}],"about":[{"href":"https:\/\/detensor.de\/en\/wp-json\/wp\/v2\/types\/page"}],"author":[{"embeddable":true,"href":"https:\/\/detensor.de\/en\/wp-json\/wp\/v2\/users\/23"}],"replies":[{"embeddable":true,"href":"https:\/\/detensor.de\/en\/wp-json\/wp\/v2\/comments?post=1295"}],"version-history":[{"count":0,"href":"https:\/\/detensor.de\/en\/wp-json\/wp\/v2\/pages\/1295\/revisions"}],"wp:attachment":[{"href":"https:\/\/detensor.de\/en\/wp-json\/wp\/v2\/media?parent=1295"}],"curies":[{"name":"wp","href":"https:\/\/api.w.org\/{rel}","templated":true}]}}