{"id":1266,"date":"2013-08-05T13:12:32","date_gmt":"2013-08-05T11:12:32","guid":{"rendered":"http:\/\/detensor.traffikmakers.de\/manuela-v-p-kienl\/"},"modified":"2013-08-05T13:12:32","modified_gmt":"2013-08-05T11:12:32","slug":"manuela-v-p-kienl","status":"publish","type":"page","link":"https:\/\/detensor.de\/en\/the-detensor-history\/manuela-v-p-kienl\/","title":{"rendered":"Manuela V. P. Kienl"},"content":{"rendered":"<ul>\n<li>geboren am 9. Februar 1961<a href=\"https:\/\/detensor.de\/wp-content\/uploads\/2013\/08\/manuela_kienlein2012.jpg\"><img loading=\"lazy\" decoding=\"async\" class=\"size-full wp-image-501 alignright\" alt=\"Manuela Kienlein\" src=\"https:\/\/detensor.de\/wp-content\/uploads\/2013\/08\/manuela_kienlein2012.jpg\" width=\"180\" height=\"264\" srcset=\"https:\/\/detensor.de\/wp-content\/uploads\/2013\/08\/manuela_kienlein2012.jpg 180w, https:\/\/detensor.de\/wp-content\/uploads\/2013\/08\/manuela_kienlein2012-144x211.jpg 144w\" sizes=\"auto, (max-width: 180px) 100vw, 180px\" \/><\/a><\/li>\n<li>unterst\u00fctzte ihren Vater bei all seinen Aktivit\u00e4ten, Vortr\u00e4gen,\u00a0 Kongressen, Seminaren ma\u00dfgeblich\u00a0 seit der Firmengr\u00fcndung am 4.11.1985 im In- und Ausland.<\/li>\n<li>Seit 2000 h\u00e4lt sie selbst die Detensor-Seminare, Schulungen und\u00a0 Vortr\u00e4ge nicht nur f\u00fcr H\u00e4ndler, Fachberater und Privatpersonen sondern\u00a0 auch auf Heilpraktiker- und Medizin Kongressen im In- und Ausland.\u00a0 Sie macht\u00a0 das Lebenswerk von Peter Forster und Kurt Kienlein zu ihrem\u00a0 eigenen und w\u00fcnscht sich, \u00a0die Einfachheit und Effektivit\u00e4t der Detensor- Therapie voller Energie allen Menschen weltweit n\u00e4her bringen zu k\u00f6nnen.<\/li>\n<\/ul>\n","protected":false},"excerpt":{"rendered":"<p>geboren am 9. Februar 1961 unterst\u00fctzte ihren Vater bei all seinen Aktivit\u00e4ten, Vortr\u00e4gen,\u00a0 Kongressen, Seminaren ma\u00dfgeblich\u00a0 seit der Firmengr\u00fcndung am 4.11.1985 im In- und Ausland. Seit 2000 h\u00e4lt sie selbst die Detensor-Seminare, Schulungen und\u00a0 Vortr\u00e4ge nicht nur f\u00fcr H\u00e4ndler, Fachberater und Privatpersonen sondern\u00a0 auch auf Heilpraktiker- und Medizin Kongressen im In- und Ausland.\u00a0 Sie macht\u00a0<\/p>\n<div class=\"entry-meta\"><a class=\"post-read-more\" href=\"https:\/\/detensor.de\/en\/the-detensor-history\/manuela-v-p-kienl\/\">Continue Reading &raquo;<\/a><\/div>\n","protected":false},"author":23,"featured_media":0,"parent":1088,"menu_order":0,"comment_status":"open","ping_status":"closed","template":"template-page-geschichtliches-sidebar.php","meta":{"footnotes":""},"class_list":["post-1266","page","type-page","status-publish","hentry"],"_links":{"self":[{"href":"https:\/\/detensor.de\/en\/wp-json\/wp\/v2\/pages\/1266","targetHints":{"allow":["GET"]}}],"collection":[{"href":"https:\/\/detensor.de\/en\/wp-json\/wp\/v2\/pages"}],"about":[{"href":"https:\/\/detensor.de\/en\/wp-json\/wp\/v2\/types\/page"}],"author":[{"embeddable":true,"href":"https:\/\/detensor.de\/en\/wp-json\/wp\/v2\/users\/23"}],"replies":[{"embeddable":true,"href":"https:\/\/detensor.de\/en\/wp-json\/wp\/v2\/comments?post=1266"}],"version-history":[{"count":0,"href":"https:\/\/detensor.de\/en\/wp-json\/wp\/v2\/pages\/1266\/revisions"}],"up":[{"embeddable":true,"href":"https:\/\/detensor.de\/en\/wp-json\/wp\/v2\/pages\/1088"}],"wp:attachment":[{"href":"https:\/\/detensor.de\/en\/wp-json\/wp\/v2\/media?parent=1266"}],"curies":[{"name":"wp","href":"https:\/\/api.w.org\/{rel}","templated":true}]}}