{"id":1068,"date":"2013-06-27T12:26:17","date_gmt":"2013-06-27T10:26:17","guid":{"rendered":"http:\/\/detensor.traffikmakers.de\/impres\/"},"modified":"2018-03-10T00:14:56","modified_gmt":"2018-03-09T23:14:56","slug":"imprint","status":"publish","type":"page","link":"https:\/\/detensor.de\/en\/contact\/imprint\/","title":{"rendered":"Imprint"},"content":{"rendered":"<p><strong>Headquarter:<\/strong><br \/>\nR\u00fcckersdorfer Stra\u00dfe 28, 90552 R\u00f6thenbach, Germany\u00a0\u00a0\u00a0\u00a0\u00a0\u00a0\u00a0\u00a0\u00a0\u00a0\u00a0\u00a0\u00a0<a href=\"https:\/\/detensor.de\/WEB-final_english\/detensor_anfahrt.html\">\u00bb Route description<\/a><\/p>\n<p><strong>President<\/strong>:<br \/>\nManuela Kienlein D.A.M<\/p>\n<p>Tel. +49 911 9533730<br \/>\nFax +49 911 579771<br \/>\nEmail: <a href=\"mailto:kienlein@detensor.de\">kienlein@detensor.de<\/a><\/p>\n<p><strong>Mailbox<\/strong><strong>:<\/strong><br \/>\nPostfach 1265<br \/>\n90549 R\u00f6thenbach<\/p>\n<p>Webdesign: <a href=\"http:\/\/www.beebee-werbeagentur.de\" target=\"_blank\" rel=\"noopener\">BEE BEE Werbeagentur,<\/a> Erding<\/p>\n<p>(c) 2004 \u2013 2018 MKV-Detensor<\/p>\n<p><strong>Liability for Content<\/strong><br \/>\nWe make every effort to keep the information on our Web site current, but accept no liability whatsoever for the content provided. Pursuant to \u00a77 par. 1 of TMG (German Tele-Media Act), the law limits our responsibility as a service provider to our own content on these Web pages. According to \u00a7\u00a78 to 10 of TMG, we are not obligated to monitor third party information provided or stored on our Web site. However, we shall promptly remove any content upon becoming aware that it violates the law. Our liability in such an instance shall commence at the time we become aware of the respective violation.<\/p>\n<p><strong>Liability for Links<\/strong><br \/>\nOur site contains links to third-party Web sites. We have no influence whatsoever on the information on these Web sites and accept no guaranty for its correctness. The content of such third-party sites is the responsibility of the respective owners\/providers. At the time third-party Web sites were linked to ours, we found NO GROUNDS WHATSOEVER of any likely contravention of the law. We shall promptly delete a link upon becoming aware that it violates the law.<\/p>\n<p><strong>Copyrights<\/strong><br \/>\nThe content and works provided on these Web pages are governed by the copyright laws of Germany. Duplication, processing, distribution, or any form of commercialization of such material beyond the scope of the copyright law shall require the prior written consent of its respective author or creator.<\/p>\n<p><strong>Data Protection<\/strong><br \/>\nPlease be aware that there are inherent security risks in transmitting data, such as e-mails, via the Internet, because it is impossible to safeguard completely against unauthorized access by third parties. Nevertheless, we shall safeguard your data, subject to this limitation. In particular, personal information will be transmitted via the Internet only if it does not infringe upon third-party rights, unless the respective party has given its prior consent in view of such security risks. Accordingly, as the Web site provider, we shall not be held liable for any damages incurred as a consequence of such security risks or for any related acts of omission on our part. We oppose the use of any available contact information by a third party for sending unsolicited advertisements. As the Web site provider, we reserve the express right to take legal action against unsolicited mailing or e-mailing of spam and other similar advertising materials.<\/p>\n<p>Quellen: Rechtsanw\u00e4lte Streifler &amp; Kollegen; twigg\u2019s \u00dcbersetzungsb\u00fcro<\/p>\n<p><strong>\u00a0<\/strong><\/p>\n","protected":false},"excerpt":{"rendered":"<p>Headquarter: R\u00fcckersdorfer Stra\u00dfe 28, 90552 R\u00f6thenbach, Germany\u00a0\u00a0\u00a0\u00a0\u00a0\u00a0\u00a0\u00a0\u00a0\u00a0\u00a0\u00a0\u00a0\u00bb Route description President: Manuela Kienlein D.A.M Tel. +49 911 9533730 Fax +49 911 579771 Email: kienlein@detensor.de Mailbox: Postfach 1265 90549 R\u00f6thenbach Webdesign: BEE BEE Werbeagentur, Erding (c) 2004 \u2013 2018 MKV-Detensor Liability for Content We make every effort to keep the information on our Web site current, but<\/p>\n<div class=\"entry-meta\"><a class=\"post-read-more\" href=\"https:\/\/detensor.de\/en\/contact\/imprint\/\">Continue Reading &raquo;<\/a><\/div>\n","protected":false},"author":23,"featured_media":0,"parent":1066,"menu_order":0,"comment_status":"open","ping_status":"closed","template":"template-page-kontakt-sidebar.php","meta":{"footnotes":""},"class_list":["post-1068","page","type-page","status-publish","hentry"],"_links":{"self":[{"href":"https:\/\/detensor.de\/en\/wp-json\/wp\/v2\/pages\/1068","targetHints":{"allow":["GET"]}}],"collection":[{"href":"https:\/\/detensor.de\/en\/wp-json\/wp\/v2\/pages"}],"about":[{"href":"https:\/\/detensor.de\/en\/wp-json\/wp\/v2\/types\/page"}],"author":[{"embeddable":true,"href":"https:\/\/detensor.de\/en\/wp-json\/wp\/v2\/users\/23"}],"replies":[{"embeddable":true,"href":"https:\/\/detensor.de\/en\/wp-json\/wp\/v2\/comments?post=1068"}],"version-history":[{"count":0,"href":"https:\/\/detensor.de\/en\/wp-json\/wp\/v2\/pages\/1068\/revisions"}],"up":[{"embeddable":true,"href":"https:\/\/detensor.de\/en\/wp-json\/wp\/v2\/pages\/1066"}],"wp:attachment":[{"href":"https:\/\/detensor.de\/en\/wp-json\/wp\/v2\/media?parent=1068"}],"curies":[{"name":"wp","href":"https:\/\/api.w.org\/{rel}","templated":true}]}}