{"id":1066,"date":"2013-06-27T12:25:41","date_gmt":"2013-06-27T10:25:41","guid":{"rendered":"http:\/\/detensor.traffikmakers.de\/contact\/"},"modified":"2018-12-13T12:53:47","modified_gmt":"2018-12-13T11:53:47","slug":"contact","status":"publish","type":"page","link":"https:\/\/detensor.de\/en\/contact\/","title":{"rendered":"Contact"},"content":{"rendered":"<p><strong>\u203a\u203a Fa. MKV-Detensor, Inhaber Manuela Kienlein e. K<\/strong><\/p>\n<p><strong>Headquarter:<\/strong><br \/>\nR\u00fcckersdorfer Stra\u00dfe 28, 90552 R\u00f6thenbach<\/p>\n<p><strong>Route description<\/strong><br \/>\n<iframe loading=\"lazy\" src=\"https:\/\/maps.google.de\/maps?hl=en&amp;ie=UTF8&amp;q=Detensor,+R%C3%BCckersdorfer+Stra%C3%9Fe+28,+90552+R%C3%B6thenbach&amp;fb=1&amp;gl=en&amp;hq=Detensor,&amp;hnear=R%C3%BCckersdorfer+Stra%C3%9Fe+28,+D-90552+R%C3%B6thenbach&amp;view=map&amp;cid=153010470229354401&amp;source=embed&amp;t=m&amp;iwloc=A&amp;ll=49.484181,11.24349&amp;spn=0.006295,0.006295&amp;output=embed\" width=\"100%\" height=\"350\" frameborder=\"0\" marginwidth=\"0\" marginheight=\"0\" scrolling=\"no\"><\/iframe><br \/>\n<small><a style=\"color: #0000ff; text-align: left;\" href=\"https:\/\/maps.google.de\/maps?hl=en&amp;ie=UTF8&amp;q=Detensor,+R%C3%BCckersdorfer+Stra%C3%9Fe+28,+90552+R%C3%B6thenbach&amp;fb=1&amp;gl=en&amp;hq=Detensor,&amp;hnear=R%C3%BCckersdorfer+Stra%C3%9Fe+28,+D-90552+R%C3%B6thenbach&amp;view=map&amp;cid=153010470229354401&amp;source=embed&amp;t=m&amp;iwloc=A&amp;ll=49.484181,11.24349&amp;spn=0.006295,0.006295\">bigger Map<\/a><\/small><\/p>\n<p><strong>President:<\/strong>:<br \/>\nManuela Kienlein D.A.M<\/p>\n<p>Tel. 0049 911 255 88 992<br \/>\nFax 0049 911 579 771<br \/>\nEmail: <a href=\"mailto:kienlein@detensor.de\">kienlein@detensor.de<\/a><\/p>\n","protected":false},"excerpt":{"rendered":"<p>\u203a\u203a Fa. MKV-Detensor, Inhaber Manuela Kienlein e. K Headquarter: R\u00fcckersdorfer Stra\u00dfe 28, 90552 R\u00f6thenbach Route description bigger Map President:: Manuela Kienlein D.A.M Tel. 0049 911 255 88 992 Fax 0049 911 579 771 Email: kienlein@detensor.de<\/p>\n","protected":false},"author":23,"featured_media":0,"parent":0,"menu_order":0,"comment_status":"open","ping_status":"closed","template":"template-page-kontakt-sidebar.php","meta":{"footnotes":""},"class_list":["post-1066","page","type-page","status-publish","hentry"],"_links":{"self":[{"href":"https:\/\/detensor.de\/en\/wp-json\/wp\/v2\/pages\/1066","targetHints":{"allow":["GET"]}}],"collection":[{"href":"https:\/\/detensor.de\/en\/wp-json\/wp\/v2\/pages"}],"about":[{"href":"https:\/\/detensor.de\/en\/wp-json\/wp\/v2\/types\/page"}],"author":[{"embeddable":true,"href":"https:\/\/detensor.de\/en\/wp-json\/wp\/v2\/users\/23"}],"replies":[{"embeddable":true,"href":"https:\/\/detensor.de\/en\/wp-json\/wp\/v2\/comments?post=1066"}],"version-history":[{"count":0,"href":"https:\/\/detensor.de\/en\/wp-json\/wp\/v2\/pages\/1066\/revisions"}],"wp:attachment":[{"href":"https:\/\/detensor.de\/en\/wp-json\/wp\/v2\/media?parent=1066"}],"curies":[{"name":"wp","href":"https:\/\/api.w.org\/{rel}","templated":true}]}}